{"id":1125,"date":"2021-04-08T13:05:29","date_gmt":"2021-04-08T13:05:29","guid":{"rendered":"https:\/\/mylenemayer.com\/accueil\/"},"modified":"2026-03-25T02:47:55","modified_gmt":"2026-03-25T02:47:55","slug":"accueil","status":"publish","type":"page","link":"https:\/\/mylenemayer.com\/en\/","title":{"rendered":"Accueil"},"content":{"rendered":"<p><span style=\"font-weight: 400;\">Bienvenue \u00e0 tous les futur<\/span><span style=\"font-weight: 400;\">\u2e31es mari\u00e9\u2e31es audacieux\u2e31ses qui souhaitent organiser leur mariage \u00e0 leur fa\u00e7on. Si c\u2019est votre cas, vous \u00eates au bon endroit.<\/span><\/p>\n<p><span style=\"font-weight: 400;\">J\u2019ai pour mission de vous guider dans votre planification de mariage de la fa\u00e7on la plus align\u00e9e \u00e0 votre couple, vos valeurs et vous go\u00fbts sans me fier aux conventions. Souvent le mariage est une c\u00e9l\u00e9bration traditionnelle remplie de coutumes qui ne nous plaisent pas n\u00e9cessairement.\u00a0<\/span><\/p>\n<p><span style=\"font-weight: 400;\">Je crois qu\u2019il n\u2019y a pas qu\u2019UNE bonne fa\u00e7on de se marier, il n\u2019y a que la votre! <\/span><span style=\"font-weight: 400;\">J\u2019adore vous faire d\u00e9couvrir de nouvelles possibilit\u00e9s pour vous permettre d\u2019oser briser les classiques. Je vous invite et vous accompagne dans la cr\u00e9ation d\u2019un nouveau mod\u00e8le <\/span><span style=\"font-weight: 400;\">personnalis\u00e9<\/span><span style=\"font-weight: 400;\"> pour que vous puissiez vous approprier votre journ\u00e9e.<\/span><\/p>\n<p><span style=\"font-weight: 400;\">J\u2019ai choisi d\u2019\u00eatre wedding planner parce que je ne pouvais pas concevoir qu\u2019on soit stress\u00e9 ou d\u00e9bord\u00e9 le jour de son mariage. J\u2019ai voulu offrir mon savoir-faire et mon savoir-\u00eatre afin que cet \u00e9v\u00e9nement si important soit une exp\u00e9rience r\u00e9ussie.<\/span><\/p>\n<p><span style=\"font-weight: 400;\">Je souhaite \u00eatre votre complice \u00e0 travers cette aventure en ayant du plaisir, de la cr\u00e9ativit\u00e9 &amp; un brin de folie mais surtout en cr\u00e9ant \u00e0 partir de votre couple et ce qui diff\u00e9rencie votre amour.<\/span><\/p>\n<p><span style=\"font-weight: 400;\">Ce que j\u2019aime plus que tout c\u2019est ; d\u00e9construire les traditions pour co-cr\u00e9er avec vous une exp\u00e9rience unique, qui repr\u00e9sente vos personnalit\u00e9s et votre amour. Ensemble on peut cr\u00e9er VOTRE mariage de r\u00eave.<\/span><\/p>\n<p>&nbsp;<\/p>\n","protected":false},"excerpt":{"rendered":"<p>Bienvenue \u00e0 tous les futur\u2e31es mari\u00e9\u2e31es audacieux\u2e31ses qui souhaitent organiser leur mariage \u00e0 leur fa\u00e7on. Si c\u2019est votre cas, vous \u00eates au bon endroit. J\u2019ai pour mission de vous guider dans votre planification de mariage de la fa\u00e7on la plus align\u00e9e \u00e0 votre couple, vos valeurs et vous go\u00fbts sans me fier aux conventions. Souvent le mariage est une c\u00e9l\u00e9bration traditionnelle remplie de coutumes qui ne nous plaisent pas n\u00e9cessairement.\u00a0 Je crois qu\u2019il n\u2019y a pas qu\u2019UNE bonne fa\u00e7on de&hellip;<\/p>\n","protected":false},"author":1,"featured_media":1150,"parent":0,"menu_order":0,"comment_status":"closed","ping_status":"closed","template":"template-home.php","meta":{"inline_featured_image":false,"footnotes":""},"class_list":["post-1125","page","type-page","status-publish","has-post-thumbnail","hentry"],"acf":[],"yoast_head":"<!-- This site is optimized with the Yoast SEO plugin v27.5 - https:\/\/yoast.com\/product\/yoast-seo-wordpress\/ -->\n<title>Wedding planner Montr\u00e9al, Qu\u00e9bec - Myl\u00e8ne Mayer<\/title>\n<meta name=\"description\" content=\"Vivez une exp\u00e9rience exceptionnelle dans la planification de votre mariages non traditionnels. Situ\u00e9 \u00e0 Montr\u00e9al, mais me d\u00e9pla\u00e7ant partout au Qu\u00e9bec et \u00e0 l&#039;international je met au profit de mes clients ; cr\u00e9ativit\u00e9, \u00e9l\u00e9gance et esth\u00e9tisme garantissant une coordination sans faille et une journ\u00e9e qui vous ressemble.\" \/>\n<meta name=\"robots\" content=\"index, follow, max-snippet:-1, max-image-preview:large, max-video-preview:-1\" \/>\n<link rel=\"canonical\" href=\"https:\/\/mylenemayer.com\/en\/\" \/>\n<meta property=\"og:locale\" content=\"en_US\" \/>\n<meta property=\"og:type\" content=\"article\" \/>\n<meta property=\"og:title\" content=\"Wedding planner Montr\u00e9al, Qu\u00e9bec - Myl\u00e8ne Mayer\" \/>\n<meta property=\"og:description\" content=\"Vivez une exp\u00e9rience exceptionnelle dans la planification de votre mariages non traditionnels. Situ\u00e9 \u00e0 Montr\u00e9al, mais me d\u00e9pla\u00e7ant partout au Qu\u00e9bec et \u00e0 l&#039;international je met au profit de mes clients ; cr\u00e9ativit\u00e9, \u00e9l\u00e9gance et esth\u00e9tisme garantissant une coordination sans faille et une journ\u00e9e qui vous ressemble.\" \/>\n<meta property=\"og:url\" content=\"https:\/\/mylenemayer.com\/en\/\" \/>\n<meta property=\"og:site_name\" content=\"Myl\u00e8ne Mayer\" \/>\n<meta property=\"article:modified_time\" content=\"2026-03-25T02:47:55+00:00\" \/>\n<meta property=\"og:image\" content=\"https:\/\/mylenemayer.com\/wp-content\/uploads\/2025\/01\/Peaches-395-of-442.jpg\" \/>\n\t<meta property=\"og:image:width\" content=\"1991\" \/>\n\t<meta property=\"og:image:height\" content=\"1328\" \/>\n\t<meta property=\"og:image:type\" content=\"image\/jpeg\" \/>\n<meta name=\"twitter:card\" content=\"summary_large_image\" \/>\n<meta name=\"twitter:label1\" content=\"Est. reading time\" \/>\n\t<meta name=\"twitter:data1\" content=\"2 minutes\" \/>\n<script type=\"application\/ld+json\" class=\"yoast-schema-graph\">{\"@context\":\"https:\\\/\\\/schema.org\",\"@graph\":[{\"@type\":\"WebPage\",\"@id\":\"https:\\\/\\\/mylenemayer.com\\\/en\\\/\",\"url\":\"https:\\\/\\\/mylenemayer.com\\\/en\\\/\",\"name\":\"Wedding planner Montr\u00e9al, Qu\u00e9bec - Myl\u00e8ne Mayer\",\"isPartOf\":{\"@id\":\"https:\\\/\\\/mylenemayer.com\\\/en\\\/#website\"},\"primaryImageOfPage\":{\"@id\":\"https:\\\/\\\/mylenemayer.com\\\/en\\\/#primaryimage\"},\"image\":{\"@id\":\"https:\\\/\\\/mylenemayer.com\\\/en\\\/#primaryimage\"},\"thumbnailUrl\":\"https:\\\/\\\/mylenemayer.com\\\/wp-content\\\/uploads\\\/2025\\\/01\\\/Peaches-395-of-442.jpg\",\"datePublished\":\"2021-04-08T13:05:29+00:00\",\"dateModified\":\"2026-03-25T02:47:55+00:00\",\"description\":\"Vivez une exp\u00e9rience exceptionnelle dans la planification de votre mariages non traditionnels. Situ\u00e9 \u00e0 Montr\u00e9al, mais me d\u00e9pla\u00e7ant partout au Qu\u00e9bec et \u00e0 l'international je met au profit de mes clients ; cr\u00e9ativit\u00e9, \u00e9l\u00e9gance et esth\u00e9tisme garantissant une coordination sans faille et une journ\u00e9e qui vous ressemble.\",\"breadcrumb\":{\"@id\":\"https:\\\/\\\/mylenemayer.com\\\/en\\\/#breadcrumb\"},\"inLanguage\":\"en-US\",\"potentialAction\":[{\"@type\":\"ReadAction\",\"target\":[\"https:\\\/\\\/mylenemayer.com\\\/en\\\/\"]}]},{\"@type\":\"ImageObject\",\"inLanguage\":\"en-US\",\"@id\":\"https:\\\/\\\/mylenemayer.com\\\/en\\\/#primaryimage\",\"url\":\"https:\\\/\\\/mylenemayer.com\\\/wp-content\\\/uploads\\\/2025\\\/01\\\/Peaches-395-of-442.jpg\",\"contentUrl\":\"https:\\\/\\\/mylenemayer.com\\\/wp-content\\\/uploads\\\/2025\\\/01\\\/Peaches-395-of-442.jpg\",\"width\":1991,\"height\":1328,\"caption\":\"info@raphaellegranger.com\"},{\"@type\":\"BreadcrumbList\",\"@id\":\"https:\\\/\\\/mylenemayer.com\\\/en\\\/#breadcrumb\",\"itemListElement\":[{\"@type\":\"ListItem\",\"position\":1,\"name\":\"Accueil\",\"item\":\"https:\\\/\\\/mylenemayer.com\\\/en\\\/\"},{\"@type\":\"ListItem\",\"position\":2,\"name\":\"Accueil\"}]},{\"@type\":\"WebSite\",\"@id\":\"https:\\\/\\\/mylenemayer.com\\\/en\\\/#website\",\"url\":\"https:\\\/\\\/mylenemayer.com\\\/en\\\/\",\"name\":\"Myl\u00e8ne Mayer\",\"description\":\"Complice du grand jour\",\"potentialAction\":[{\"@type\":\"SearchAction\",\"target\":{\"@type\":\"EntryPoint\",\"urlTemplate\":\"https:\\\/\\\/mylenemayer.com\\\/en\\\/?s={search_term_string}\"},\"query-input\":{\"@type\":\"PropertyValueSpecification\",\"valueRequired\":true,\"valueName\":\"search_term_string\"}}],\"inLanguage\":\"en-US\"}]}<\/script>\n<!-- \/ Yoast SEO plugin. -->","yoast_head_json":{"title":"Wedding planner Montr\u00e9al, Qu\u00e9bec - Myl\u00e8ne Mayer","description":"Vivez une exp\u00e9rience exceptionnelle dans la planification de votre mariages non traditionnels. Situ\u00e9 \u00e0 Montr\u00e9al, mais me d\u00e9pla\u00e7ant partout au Qu\u00e9bec et \u00e0 l'international je met au profit de mes clients ; cr\u00e9ativit\u00e9, \u00e9l\u00e9gance et esth\u00e9tisme garantissant une coordination sans faille et une journ\u00e9e qui vous ressemble.","robots":{"index":"index","follow":"follow","max-snippet":"max-snippet:-1","max-image-preview":"max-image-preview:large","max-video-preview":"max-video-preview:-1"},"canonical":"https:\/\/mylenemayer.com\/en\/","og_locale":"en_US","og_type":"article","og_title":"Wedding planner Montr\u00e9al, Qu\u00e9bec - Myl\u00e8ne Mayer","og_description":"Vivez une exp\u00e9rience exceptionnelle dans la planification de votre mariages non traditionnels. Situ\u00e9 \u00e0 Montr\u00e9al, mais me d\u00e9pla\u00e7ant partout au Qu\u00e9bec et \u00e0 l'international je met au profit de mes clients ; cr\u00e9ativit\u00e9, \u00e9l\u00e9gance et esth\u00e9tisme garantissant une coordination sans faille et une journ\u00e9e qui vous ressemble.","og_url":"https:\/\/mylenemayer.com\/en\/","og_site_name":"Myl\u00e8ne Mayer","article_modified_time":"2026-03-25T02:47:55+00:00","og_image":[{"width":1991,"height":1328,"url":"https:\/\/mylenemayer.com\/wp-content\/uploads\/2025\/01\/Peaches-395-of-442.jpg","type":"image\/jpeg"}],"twitter_card":"summary_large_image","twitter_misc":{"Est. reading time":"2 minutes"},"schema":{"@context":"https:\/\/schema.org","@graph":[{"@type":"WebPage","@id":"https:\/\/mylenemayer.com\/en\/","url":"https:\/\/mylenemayer.com\/en\/","name":"Wedding planner Montr\u00e9al, Qu\u00e9bec - Myl\u00e8ne Mayer","isPartOf":{"@id":"https:\/\/mylenemayer.com\/en\/#website"},"primaryImageOfPage":{"@id":"https:\/\/mylenemayer.com\/en\/#primaryimage"},"image":{"@id":"https:\/\/mylenemayer.com\/en\/#primaryimage"},"thumbnailUrl":"https:\/\/mylenemayer.com\/wp-content\/uploads\/2025\/01\/Peaches-395-of-442.jpg","datePublished":"2021-04-08T13:05:29+00:00","dateModified":"2026-03-25T02:47:55+00:00","description":"Vivez une exp\u00e9rience exceptionnelle dans la planification de votre mariages non traditionnels. Situ\u00e9 \u00e0 Montr\u00e9al, mais me d\u00e9pla\u00e7ant partout au Qu\u00e9bec et \u00e0 l'international je met au profit de mes clients ; cr\u00e9ativit\u00e9, \u00e9l\u00e9gance et esth\u00e9tisme garantissant une coordination sans faille et une journ\u00e9e qui vous ressemble.","breadcrumb":{"@id":"https:\/\/mylenemayer.com\/en\/#breadcrumb"},"inLanguage":"en-US","potentialAction":[{"@type":"ReadAction","target":["https:\/\/mylenemayer.com\/en\/"]}]},{"@type":"ImageObject","inLanguage":"en-US","@id":"https:\/\/mylenemayer.com\/en\/#primaryimage","url":"https:\/\/mylenemayer.com\/wp-content\/uploads\/2025\/01\/Peaches-395-of-442.jpg","contentUrl":"https:\/\/mylenemayer.com\/wp-content\/uploads\/2025\/01\/Peaches-395-of-442.jpg","width":1991,"height":1328,"caption":"info@raphaellegranger.com"},{"@type":"BreadcrumbList","@id":"https:\/\/mylenemayer.com\/en\/#breadcrumb","itemListElement":[{"@type":"ListItem","position":1,"name":"Accueil","item":"https:\/\/mylenemayer.com\/en\/"},{"@type":"ListItem","position":2,"name":"Accueil"}]},{"@type":"WebSite","@id":"https:\/\/mylenemayer.com\/en\/#website","url":"https:\/\/mylenemayer.com\/en\/","name":"Myl\u00e8ne Mayer","description":"Complice du grand jour","potentialAction":[{"@type":"SearchAction","target":{"@type":"EntryPoint","urlTemplate":"https:\/\/mylenemayer.com\/en\/?s={search_term_string}"},"query-input":{"@type":"PropertyValueSpecification","valueRequired":true,"valueName":"search_term_string"}}],"inLanguage":"en-US"}]}},"_links":{"self":[{"href":"https:\/\/mylenemayer.com\/en\/wp-json\/wp\/v2\/pages\/1125","targetHints":{"allow":["GET"]}}],"collection":[{"href":"https:\/\/mylenemayer.com\/en\/wp-json\/wp\/v2\/pages"}],"about":[{"href":"https:\/\/mylenemayer.com\/en\/wp-json\/wp\/v2\/types\/page"}],"author":[{"embeddable":true,"href":"https:\/\/mylenemayer.com\/en\/wp-json\/wp\/v2\/users\/1"}],"replies":[{"embeddable":true,"href":"https:\/\/mylenemayer.com\/en\/wp-json\/wp\/v2\/comments?post=1125"}],"version-history":[{"count":11,"href":"https:\/\/mylenemayer.com\/en\/wp-json\/wp\/v2\/pages\/1125\/revisions"}],"predecessor-version":[{"id":1179,"href":"https:\/\/mylenemayer.com\/en\/wp-json\/wp\/v2\/pages\/1125\/revisions\/1179"}],"wp:featuredmedia":[{"embeddable":true,"href":"https:\/\/mylenemayer.com\/en\/wp-json\/wp\/v2\/media\/1150"}],"wp:attachment":[{"href":"https:\/\/mylenemayer.com\/en\/wp-json\/wp\/v2\/media?parent=1125"}],"curies":[{"name":"wp","href":"https:\/\/api.w.org\/{rel}","templated":true}]}}